{"id":57305,"date":"2023-03-08T12:59:26","date_gmt":"2023-03-08T12:59:26","guid":{"rendered":"https:\/\/www.trollingerlaw.com\/home\/"},"modified":"2025-06-03T21:10:34","modified_gmt":"2025-06-03T21:10:34","slug":"home","status":"publish","type":"page","link":"https:\/\/www.trollingerlaw.com\/es\/","title":{"rendered":"Home"},"content":{"rendered":"<p>Superar una lesi\u00f3n ya es bastante dif\u00edcil. Perm\u00edtanos encargarnos de todo lo dem\u00e1s. Despu\u00e9s de un accidente grave, una lesi\u00f3n puede dejarlo con gastos m\u00e9dicos continuos, incapacitado para trabajar y preocupado por su futuro. Es f\u00e1cil sentirse abrumado en estas situaciones, y la idea de contratar a un abogado puede ser intimidante. En <strong>Trollinger Law LLC<\/strong>, estamos aqu\u00ed para escuchar su historia, explicar sus opciones legales, responder a preguntas sobre qu\u00e9 esperar, y ayudarle a tomar una decisi\u00f3n inteligente sobre la mejor manera de seguir adelante.<\/p>\n<p>Nuestra firma ha representado con \u00e9xito a v\u00edctimas de accidentes en casos de lesiones, tanto grandes como peque\u00f1os, en el condado de Charles, <a href=\"https:\/\/www.trollingerlaw.com\/frederick\/\">Frederick, MD<\/a>, y en todo Maryland y Washington, D.C. Aportamos un amplio conocimiento de la industria de seguros y contamos con un abogado especializado en indemnizaci\u00f3n por accidente laboral que comprende el sistema, as\u00ed como la disposici\u00f3n de llevar su reclamo a juicio si no se puede llegar a un acuerdo justo. Este enfoque minucioso en la preparaci\u00f3n de casos es lo que nos da una ventaja.<\/p>\n<p>Comun\u00edquese hoy mismo para hablar directamente con el <a href=\"https:\/\/www.trollingerlaw.com\/es\/personal-injury-lawyer\/\">abogado de lesiones personales Matt Trollinger<\/a> en Waldorf, MD, sobre su <a href=\"https:\/\/goo.gl\/maps\/XjZfFjL7w6ZS8yp6A\" target=\"_blank\" rel=\"noopener\">lesi\u00f3n personal<\/a> o reclamo por accidente laboral.<\/p>\n<p><a href=\"https:\/\/www.google.com\/maps?cid=14259248031091982487\" target=\"_blank\" rel=\"noopener\">Visite nuestras oficinas de abogados de lesiones personales cerca de Waldorf, MD<\/a><\/p>\n","protected":false},"excerpt":{"rendered":"<p>Superar una lesi\u00f3n ya es bastante dif\u00edcil. Perm\u00edtanos encargarnos de todo lo dem\u00e1s. Despu\u00e9s de un accidente grave, una lesi\u00f3n puede dejarlo con gastos m\u00e9dicos continuos, incapacitado para trabajar y preocupado por su futuro. Es f\u00e1cil sentirse abrumado en estas situaciones, y la idea de contratar a un abogado puede ser intimidante. En Trollinger Law&#8230;<\/p>\n","protected":false},"author":8,"featured_media":49383,"parent":0,"menu_order":4,"comment_status":"closed","ping_status":"closed","template":"","meta":{"_acf_changed":false,"footnotes":""},"class_list":["post-57305","page","type-page","status-publish","has-post-thumbnail","hentry"],"acf":[],"yoast_head":"<!-- This site is optimized with the Yoast SEO plugin v27.5 - https:\/\/yoast.com\/product\/yoast-seo-wordpress\/ -->\n<title>Personal Injury Attorney | Personal Injury Lawyers Waldorf, MD<\/title>\n<meta name=\"description\" content=\"Trollinger Law LLC provides personal injury lawyer and workers&#039; compensation services in Maryland &amp; DC. Contact us for a free case evaluation.\" \/>\n<meta name=\"robots\" content=\"index, follow, max-snippet:-1, max-image-preview:large, max-video-preview:-1\" \/>\n<link rel=\"canonical\" href=\"https:\/\/www.trollingerlaw.com\/es\/\" \/>\n<meta property=\"og:locale\" content=\"es_ES\" \/>\n<meta property=\"og:type\" content=\"article\" \/>\n<meta property=\"og:title\" content=\"Personal Injury Attorney | Personal Injury Lawyers Waldorf, MD\" \/>\n<meta property=\"og:description\" content=\"Trollinger Law LLC provides personal injury lawyer and workers&#039; compensation services in Maryland &amp; DC. Contact us for a free case evaluation.\" \/>\n<meta property=\"og:url\" content=\"https:\/\/www.trollingerlaw.com\/es\/\" \/>\n<meta property=\"og:site_name\" content=\"Trollinger Law LLC\" \/>\n<meta property=\"article:publisher\" content=\"https:\/\/www.facebook.com\/trollingerlaw\/\" \/>\n<meta property=\"article:modified_time\" content=\"2025-06-03T21:10:34+00:00\" \/>\n<meta property=\"og:image\" content=\"https:\/\/www.trollingerlaw.com\/wp-content\/uploads\/2023\/11\/matt_intro.png\" \/>\n\t<meta property=\"og:image:width\" content=\"541\" \/>\n\t<meta property=\"og:image:height\" content=\"592\" \/>\n\t<meta property=\"og:image:type\" content=\"image\/png\" \/>\n<meta name=\"twitter:card\" content=\"summary_large_image\" \/>\n<meta name=\"twitter:site\" content=\"@TrollingerLaw\" \/>\n<meta name=\"twitter:label1\" content=\"Tiempo de lectura\" \/>\n\t<meta name=\"twitter:data1\" content=\"2 minutos\" \/>\n<!-- \/ Yoast SEO plugin. -->","yoast_head_json":{"title":"Personal Injury Attorney | Personal Injury Lawyers Waldorf, MD","description":"Trollinger Law LLC provides personal injury lawyer and workers' compensation services in Maryland & DC. Contact us for a free case evaluation.","robots":{"index":"index","follow":"follow","max-snippet":"max-snippet:-1","max-image-preview":"max-image-preview:large","max-video-preview":"max-video-preview:-1"},"canonical":"https:\/\/www.trollingerlaw.com\/es\/","og_locale":"es_ES","og_type":"article","og_title":"Personal Injury Attorney | Personal Injury Lawyers Waldorf, MD","og_description":"Trollinger Law LLC provides personal injury lawyer and workers' compensation services in Maryland & DC. Contact us for a free case evaluation.","og_url":"https:\/\/www.trollingerlaw.com\/es\/","og_site_name":"Trollinger Law LLC","article_publisher":"https:\/\/www.facebook.com\/trollingerlaw\/","article_modified_time":"2025-06-03T21:10:34+00:00","og_image":[{"width":541,"height":592,"url":"https:\/\/www.trollingerlaw.com\/wp-content\/uploads\/2023\/11\/matt_intro.png","type":"image\/png"}],"twitter_card":"summary_large_image","twitter_site":"@TrollingerLaw","twitter_misc":{"Tiempo de lectura":"2 minutos"},"schema":{"@context":"https:\/\/schema.org","@graph":[{"@type":"WebPage","@id":"https:\/\/www.trollingerlaw.com\/es\/","url":"https:\/\/www.trollingerlaw.com\/es\/","name":"Personal Injury Attorney | Personal Injury Lawyers Waldorf, MD","isPartOf":{"@id":"https:\/\/www.trollingerlaw.com\/#website"},"primaryImageOfPage":{"@id":"https:\/\/www.trollingerlaw.com\/es\/#primaryimage"},"image":{"@id":"https:\/\/www.trollingerlaw.com\/es\/#primaryimage"},"thumbnailUrl":"https:\/\/www.trollingerlaw.com\/wp-content\/uploads\/2023\/11\/matt_intro.png","datePublished":"2023-03-08T12:59:26+00:00","dateModified":"2025-06-03T21:10:34+00:00","description":"Trollinger Law LLC provides personal injury lawyer and workers' compensation services in Maryland & DC. Contact us for a free case evaluation.","breadcrumb":{"@id":"https:\/\/www.trollingerlaw.com\/es\/#breadcrumb"},"inLanguage":"es","potentialAction":[{"@type":"ReadAction","target":["https:\/\/www.trollingerlaw.com\/es\/"]}]},{"@type":"ImageObject","inLanguage":"es","@id":"https:\/\/www.trollingerlaw.com\/es\/#primaryimage","url":"https:\/\/www.trollingerlaw.com\/wp-content\/uploads\/2023\/11\/matt_intro.png","contentUrl":"https:\/\/www.trollingerlaw.com\/wp-content\/uploads\/2023\/11\/matt_intro.png","width":541,"height":592,"caption":"Injury Attorney"},{"@type":"BreadcrumbList","@id":"https:\/\/www.trollingerlaw.com\/es\/#breadcrumb","itemListElement":[{"@type":"ListItem","position":1,"name":"Home","item":"https:\/\/www.trollingerlaw.com\/es\/"},{"@type":"ListItem","position":2,"name":"Home"}]},{"@type":"WebSite","@id":"https:\/\/www.trollingerlaw.com\/#website","url":"https:\/\/www.trollingerlaw.com\/","name":"Trollinger Law LLC","description":"","publisher":{"@id":"https:\/\/www.trollingerlaw.com\/#organization"},"potentialAction":[{"@type":"SearchAction","target":{"@type":"EntryPoint","urlTemplate":"https:\/\/www.trollingerlaw.com\/?s={search_term_string}"},"query-input":{"@type":"PropertyValueSpecification","valueRequired":true,"valueName":"search_term_string"}}],"inLanguage":"es"},{"@type":"Organization","@id":"https:\/\/www.trollingerlaw.com\/#organization","name":"Trollinger Law LLC","url":"https:\/\/www.trollingerlaw.com\/","logo":{"@type":"ImageObject","inLanguage":"es","@id":"https:\/\/www.trollingerlaw.com\/#\/schema\/logo\/image\/","url":"https:\/\/www.trollingerlaw.com\/wp-content\/uploads\/2023\/03\/Logo-Header-1.svg","contentUrl":"https:\/\/www.trollingerlaw.com\/wp-content\/uploads\/2023\/03\/Logo-Header-1.svg","width":1,"height":1,"caption":"Trollinger Law LLC"},"image":{"@id":"https:\/\/www.trollingerlaw.com\/#\/schema\/logo\/image\/"},"sameAs":["https:\/\/www.facebook.com\/trollingerlaw\/","https:\/\/x.com\/TrollingerLaw","https:\/\/www.linkedin.com\/in\/matthewdtrollinger\/","https:\/\/www.youtube.com\/channel\/UCGI2rLDsnBp4A5NcyuDbO7Q"]}]}},"_links":{"self":[{"href":"https:\/\/www.trollingerlaw.com\/es\/wp-json\/wp\/v2\/pages\/57305","targetHints":{"allow":["GET"]}}],"collection":[{"href":"https:\/\/www.trollingerlaw.com\/es\/wp-json\/wp\/v2\/pages"}],"about":[{"href":"https:\/\/www.trollingerlaw.com\/es\/wp-json\/wp\/v2\/types\/page"}],"author":[{"embeddable":true,"href":"https:\/\/www.trollingerlaw.com\/es\/wp-json\/wp\/v2\/users\/8"}],"replies":[{"embeddable":true,"href":"https:\/\/www.trollingerlaw.com\/es\/wp-json\/wp\/v2\/comments?post=57305"}],"version-history":[{"count":0,"href":"https:\/\/www.trollingerlaw.com\/es\/wp-json\/wp\/v2\/pages\/57305\/revisions"}],"wp:featuredmedia":[{"embeddable":true,"href":"https:\/\/www.trollingerlaw.com\/es\/wp-json\/wp\/v2\/media\/49383"}],"wp:attachment":[{"href":"https:\/\/www.trollingerlaw.com\/es\/wp-json\/wp\/v2\/media?parent=57305"}],"curies":[{"name":"wp","href":"https:\/\/api.w.org\/{rel}","templated":true}]}}