{"id":57576,"date":"2023-03-08T14:12:50","date_gmt":"2023-03-08T14:12:50","guid":{"rendered":"https:\/\/www.trollingerlaw.com\/workers-compensation-lawyer\/"},"modified":"2025-06-03T21:11:34","modified_gmt":"2025-06-03T21:11:34","slug":"workers-compensation-lawyer","status":"publish","type":"page","link":"https:\/\/www.trollingerlaw.com\/es\/workers-compensation-lawyer\/","title":{"rendered":"Workers\u2019 Compensation"},"content":{"rendered":"<p>Los trabajadores pueden sufrir lesiones mientras realizan sus tareas laborales, incluso en lugares de trabajo aparentemente seguros. Tambi\u00e9n pueden desarrollar lesiones o enfermedades con el tiempo como resultado de su trabajo.<\/p>\n<p>Si se lesiona en el trabajo, la ley de Maryland generalmente le otorga el derecho a recibir prestaciones de indemnizaci\u00f3n por accidente laboral. Estas prestaciones est\u00e1n disponibles a trav\u00e9s de su empleador o su aseguradora de indemnizaci\u00f3n por accidente laboral.<\/p>\n<p>Puede recibir prestaciones de indemnizaci\u00f3n por accidente laboral sin importar el motivo de su lesi\u00f3n laboral o qui\u00e9n tuvo la culpa. Lo relevante es que se lesion\u00f3 en el curso y \u00e1mbito de su trabajo.<\/p>\n<p>Idealmente, su empleador aceptar\u00e1 la responsabilidad de su lesi\u00f3n o enfermedad laboral y comenzar\u00e1 a pagarle las prestaciones de indemnizaci\u00f3n por accidente laboral a los que tiene derecho conforme a la ley. Sin embargo, si su empleador rechaza su reclamo o no le paga las prestaciones que usted cree que le corresponden legalmente, <strong>Trollinger Law LLC, un <strong>abogado con experiencia en indemnizaci\u00f3n por accidente laboral<\/strong><\/strong>, puede ayudarle a presentar una reclamaci\u00f3n para obtener las prestaciones que merece.<\/p>\n<p><a href=\"https:\/\/www.trollingerlaw.com\/blog\/trollinger-law-joins-charles-county-sheriffs-office-to-help-victims-of-domestic-abuse\/\">Matt Trollinger, <strong>abogado especializado en indemnizaci\u00f3n por accidente laboral del condado de Charles<\/strong><\/a>, ha ayudado a personas lesionadas en todo Maryland a presentar reclamos exitosos para obtener las prestaciones de indemnizaci\u00f3n por accidente laboral que necesitan y merecen. <a href=\"https:\/\/www.trollingerlaw.com\/contact-us\/\">Cont\u00e1ctenos hoy mismo<\/a> para programar una consulta gratuita con nuestro <a href=\"https:\/\/www.google.com\/maps?cid=14259248031091982487\" target=\"_blank\" rel=\"noopener\"><strong>abogado especializado en indemnizaci\u00f3n por accidente laboral cerca de usted<\/strong><\/a>, para hablar sobre sus derechos y opciones, y para obtener m\u00e1s informaci\u00f3n sobre las prestaciones a las que podr\u00eda tener derecho.<br \/>\n\t\t\n\n    \t<div class=\"cta-box\">\n\n\t\t<div class=\"title\">Obtenga una evaluaci\u00f3n gratuita de su caso <\/div>\n\n\t\t<div class=\"subtitle\">\u00a1De el primer paso hacia su recuperaci\u00f3n! <\/div>\n\n\t\t<a href=\"\/contact-us\/\" alt=\"Contact us\" class=\"btn btn-std-red\">\n\t\t\tCont\u00e1ctanos\n\t\t<\/a>\n\n\t\t<div class=\"call-today\">O llame hoy mismo al  <\/div>\n\n\t\t<a href=\"tel:+13019658500\" alt=\"Tap to call button\" class=\"phone-number\">\n\t\t\t(301) 965-8500\n\t\t<\/a>\n\n\t\t<\/div>\n\t\n\t<\/p>\n\t\t\t\t\t\t<a class=\" cw_video_open_popup_customized\" href=\"javascript:void(0);\" video_width=\"640px\" video_height=\"480px\" video_id=\"_LpXUcv5RbY\" video_type=\"youtube\" video_rel=\"0\" video_showinfo=\"1\" video_autoplay=\"1\">\n\t\t\t\t\t\t\t<img decoding=\"async\" alt=\"5 Major Benefits To Help Protect You In Your Workers&#8217; Comp Case &#8211; Trollinger Law LLC &#8211; Waldorf, MD\" class=\"aligncenter\" src=\"https:\/\/www.trollingerlaw.com\/wp-content\/uploads\/2023\/10\/workers-comp-video-image.jpg\">\t\t\t\t\t\t<\/a>\n\t\t\t\t\t\t\n\t\t\t\t\n","protected":false},"excerpt":{"rendered":"<p>Los trabajadores pueden sufrir lesiones mientras realizan sus tareas laborales, incluso en lugares de trabajo aparentemente seguros. Tambi\u00e9n pueden desarrollar lesiones o enfermedades con el tiempo como resultado de su trabajo. Si se lesiona en el trabajo, la ley de Maryland generalmente le otorga el derecho a recibir prestaciones de indemnizaci\u00f3n por accidente laboral. Estas&#8230;<\/p>\n","protected":false},"author":8,"featured_media":48545,"parent":0,"menu_order":62,"comment_status":"closed","ping_status":"closed","template":"practice-area.php","meta":{"_acf_changed":false,"footnotes":""},"class_list":["post-57576","page","type-page","status-publish","has-post-thumbnail","hentry"],"acf":[],"yoast_head":"<!-- This site is optimized with the Yoast SEO plugin v27.5 - https:\/\/yoast.com\/product\/yoast-seo-wordpress\/ -->\n<title>Workers&#039; Comp Lawyer Waldorf, MD | Trollinger Law LLC<\/title>\n<meta name=\"description\" content=\"Injured at work? Get trusted legal help from a Waldorf workers&#039; compensation lawyer. Free consultation to discuss your case today.\" \/>\n<meta name=\"robots\" content=\"index, follow, max-snippet:-1, max-image-preview:large, max-video-preview:-1\" \/>\n<link rel=\"canonical\" href=\"https:\/\/www.trollingerlaw.com\/es\/workers-compensation-lawyer\/\" \/>\n<meta property=\"og:locale\" content=\"es_ES\" \/>\n<meta property=\"og:type\" content=\"article\" \/>\n<meta property=\"og:title\" content=\"Workers&#039; Comp Lawyer Waldorf, MD | Trollinger Law LLC\" \/>\n<meta property=\"og:description\" content=\"Injured at work? Get trusted legal help from a Waldorf workers&#039; compensation lawyer. Free consultation to discuss your case today.\" \/>\n<meta property=\"og:url\" content=\"https:\/\/www.trollingerlaw.com\/es\/workers-compensation-lawyer\/\" \/>\n<meta property=\"og:site_name\" content=\"Trollinger Law LLC\" \/>\n<meta property=\"article:publisher\" content=\"https:\/\/www.facebook.com\/trollingerlaw\/\" \/>\n<meta property=\"article:modified_time\" content=\"2025-06-03T21:11:34+00:00\" \/>\n<meta property=\"og:image\" content=\"https:\/\/www.trollingerlaw.com\/wp-content\/uploads\/2023\/11\/workers-compensation-lawyer.jpg\" \/>\n\t<meta property=\"og:image:width\" content=\"825\" \/>\n\t<meta property=\"og:image:height\" content=\"299\" \/>\n\t<meta property=\"og:image:type\" content=\"image\/jpeg\" \/>\n<meta name=\"twitter:card\" content=\"summary_large_image\" \/>\n<meta name=\"twitter:site\" content=\"@TrollingerLaw\" \/>\n<meta name=\"twitter:label1\" content=\"Tiempo de lectura\" \/>\n\t<meta name=\"twitter:data1\" content=\"2 minutos\" \/>\n<!-- \/ Yoast SEO plugin. -->","yoast_head_json":{"title":"Workers' Comp Lawyer Waldorf, MD | Trollinger Law LLC","description":"Injured at work? Get trusted legal help from a Waldorf workers' compensation lawyer. Free consultation to discuss your case today.","robots":{"index":"index","follow":"follow","max-snippet":"max-snippet:-1","max-image-preview":"max-image-preview:large","max-video-preview":"max-video-preview:-1"},"canonical":"https:\/\/www.trollingerlaw.com\/es\/workers-compensation-lawyer\/","og_locale":"es_ES","og_type":"article","og_title":"Workers' Comp Lawyer Waldorf, MD | Trollinger Law LLC","og_description":"Injured at work? Get trusted legal help from a Waldorf workers' compensation lawyer. Free consultation to discuss your case today.","og_url":"https:\/\/www.trollingerlaw.com\/es\/workers-compensation-lawyer\/","og_site_name":"Trollinger Law LLC","article_publisher":"https:\/\/www.facebook.com\/trollingerlaw\/","article_modified_time":"2025-06-03T21:11:34+00:00","og_image":[{"width":825,"height":299,"url":"https:\/\/www.trollingerlaw.com\/wp-content\/uploads\/2023\/11\/workers-compensation-lawyer.jpg","type":"image\/jpeg"}],"twitter_card":"summary_large_image","twitter_site":"@TrollingerLaw","twitter_misc":{"Tiempo de lectura":"2 minutos"},"schema":{"@context":"https:\/\/schema.org","@graph":[{"@type":"WebPage","@id":"https:\/\/www.trollingerlaw.com\/es\/workers-compensation-lawyer\/","url":"https:\/\/www.trollingerlaw.com\/es\/workers-compensation-lawyer\/","name":"Workers' Comp Lawyer Waldorf, MD | Trollinger Law LLC","isPartOf":{"@id":"https:\/\/www.trollingerlaw.com\/#website"},"primaryImageOfPage":{"@id":"https:\/\/www.trollingerlaw.com\/es\/workers-compensation-lawyer\/#primaryimage"},"image":{"@id":"https:\/\/www.trollingerlaw.com\/es\/workers-compensation-lawyer\/#primaryimage"},"thumbnailUrl":"https:\/\/www.trollingerlaw.com\/wp-content\/uploads\/2023\/11\/workers-compensation-lawyer.jpg","datePublished":"2023-03-08T14:12:50+00:00","dateModified":"2025-06-03T21:11:34+00:00","description":"Injured at work? Get trusted legal help from a Waldorf workers' compensation lawyer. Free consultation to discuss your case today.","breadcrumb":{"@id":"https:\/\/www.trollingerlaw.com\/es\/workers-compensation-lawyer\/#breadcrumb"},"inLanguage":"es","potentialAction":[{"@type":"ReadAction","target":["https:\/\/www.trollingerlaw.com\/es\/workers-compensation-lawyer\/"]}]},{"@type":"ImageObject","inLanguage":"es","@id":"https:\/\/www.trollingerlaw.com\/es\/workers-compensation-lawyer\/#primaryimage","url":"https:\/\/www.trollingerlaw.com\/wp-content\/uploads\/2023\/11\/workers-compensation-lawyer.jpg","contentUrl":"https:\/\/www.trollingerlaw.com\/wp-content\/uploads\/2023\/11\/workers-compensation-lawyer.jpg","width":825,"height":299,"caption":"MD Workers Compensation Lawyer"},{"@type":"BreadcrumbList","@id":"https:\/\/www.trollingerlaw.com\/es\/workers-compensation-lawyer\/#breadcrumb","itemListElement":[{"@type":"ListItem","position":1,"name":"Home","item":"https:\/\/www.trollingerlaw.com\/es\/"},{"@type":"ListItem","position":2,"name":"Workers\u2019 Compensation"}]},{"@type":"WebSite","@id":"https:\/\/www.trollingerlaw.com\/#website","url":"https:\/\/www.trollingerlaw.com\/","name":"Trollinger Law LLC","description":"","publisher":{"@id":"https:\/\/www.trollingerlaw.com\/#organization"},"potentialAction":[{"@type":"SearchAction","target":{"@type":"EntryPoint","urlTemplate":"https:\/\/www.trollingerlaw.com\/?s={search_term_string}"},"query-input":{"@type":"PropertyValueSpecification","valueRequired":true,"valueName":"search_term_string"}}],"inLanguage":"es"},{"@type":"Organization","@id":"https:\/\/www.trollingerlaw.com\/#organization","name":"Trollinger Law LLC","url":"https:\/\/www.trollingerlaw.com\/","logo":{"@type":"ImageObject","inLanguage":"es","@id":"https:\/\/www.trollingerlaw.com\/#\/schema\/logo\/image\/","url":"https:\/\/www.trollingerlaw.com\/wp-content\/uploads\/2023\/03\/Logo-Header-1.svg","contentUrl":"https:\/\/www.trollingerlaw.com\/wp-content\/uploads\/2023\/03\/Logo-Header-1.svg","width":1,"height":1,"caption":"Trollinger Law LLC"},"image":{"@id":"https:\/\/www.trollingerlaw.com\/#\/schema\/logo\/image\/"},"sameAs":["https:\/\/www.facebook.com\/trollingerlaw\/","https:\/\/x.com\/TrollingerLaw","https:\/\/www.linkedin.com\/in\/matthewdtrollinger\/","https:\/\/www.youtube.com\/channel\/UCGI2rLDsnBp4A5NcyuDbO7Q"]}]}},"_links":{"self":[{"href":"https:\/\/www.trollingerlaw.com\/es\/wp-json\/wp\/v2\/pages\/57576","targetHints":{"allow":["GET"]}}],"collection":[{"href":"https:\/\/www.trollingerlaw.com\/es\/wp-json\/wp\/v2\/pages"}],"about":[{"href":"https:\/\/www.trollingerlaw.com\/es\/wp-json\/wp\/v2\/types\/page"}],"author":[{"embeddable":true,"href":"https:\/\/www.trollingerlaw.com\/es\/wp-json\/wp\/v2\/users\/8"}],"replies":[{"embeddable":true,"href":"https:\/\/www.trollingerlaw.com\/es\/wp-json\/wp\/v2\/comments?post=57576"}],"version-history":[{"count":0,"href":"https:\/\/www.trollingerlaw.com\/es\/wp-json\/wp\/v2\/pages\/57576\/revisions"}],"wp:featuredmedia":[{"embeddable":true,"href":"https:\/\/www.trollingerlaw.com\/es\/wp-json\/wp\/v2\/media\/48545"}],"wp:attachment":[{"href":"https:\/\/www.trollingerlaw.com\/es\/wp-json\/wp\/v2\/media?parent=57576"}],"curies":[{"name":"wp","href":"https:\/\/api.w.org\/{rel}","templated":true}]}}