{"id":57741,"date":"2023-03-08T13:03:50","date_gmt":"2023-03-08T13:03:50","guid":{"rendered":"https:\/\/www.trollingerlaw.com\/personal-injury-lawyer\/"},"modified":"2025-06-03T21:11:08","modified_gmt":"2025-06-03T21:11:08","slug":"personal-injury-lawyer","status":"publish","type":"page","link":"https:\/\/www.trollingerlaw.com\/es\/personal-injury-lawyer\/","title":{"rendered":"Personal Injury"},"content":{"rendered":"<p>\u00bfHa resultado lesionado debido a las acciones imprudentes o negligentes de otra persona? La ley de Maryland permite que las v\u00edctimas de accidentes causados por negligencia reclamen una indemnizaci\u00f3n mediante una demanda por lesiones personales. Sin embargo, el camino hacia la justicia rara vez es sencillo. Nuestro <a href=\"https:\/\/www.trollingerlaw.com\/es\/\">equipo legal de Trollinger Law LLC<\/a> \u2014 con un <a href=\"https:\/\/goo.gl\/maps\/jYBpBsZmYrZ13VzS9\" target=\"_blank\" rel=\"noopener\">abogado de lesiones personales en Maryland<\/a> \u2014 le dar\u00e1 a su caso la atenci\u00f3n y el compromiso que merece.<\/p>\n<p>Sabemos que la vida despu\u00e9s de un accidente no es f\u00e1cil, especialmente cuando usted sabe que todo pudo haberse evitado si otra persona hubiera actuado con m\u00e1s cuidado. Por eso, estamos comprometidos a responsabilizar a la parte culpable por todas sus p\u00e9rdidas: facturas m\u00e9dicas, ingresos perdidos, dolor y sufrimiento, entre otros da\u00f1os.<\/p>\n<p>Ya sea que haya resultado herido en un accidente de auto, en una ca\u00edda en un establecimiento comercial, o haya sufrido una lesi\u00f3n laboral, puede contar con el <a href=\"https:\/\/www.trollingerlaw.com\/es\/attorneys\/matthew-trollinger\/\">abogado Matt Trollinger<\/a> para brindarle servicios legales de alta calidad y luchar por la m\u00e1xima compensaci\u00f3n que usted merece.<\/p>\n\t\t\n\n    \t<div class=\"cta-box\">\n\n\t\t<div class=\"title\">Obtenga una evaluaci\u00f3n gratuita de su caso <\/div>\n\n\t\t<div class=\"subtitle\">\u00a1De el primer paso hacia su recuperaci\u00f3n! <\/div>\n\n\t\t<a href=\"\/contact-us\/\" alt=\"Contact us\" class=\"btn btn-std-red\">\n\t\t\tCont\u00e1ctanos\n\t\t<\/a>\n\n\t\t<div class=\"call-today\">O llame hoy mismo al  <\/div>\n\n\t\t<a href=\"tel:+13019658500\" alt=\"Tap to call button\" class=\"phone-number\">\n\t\t\t(301) 965-8500\n\t\t<\/a>\n\n\t\t<\/div>\n\t\n\t\n\t\t\t\t\t\t<a class=\" cw_video_open_popup_customized\" href=\"javascript:void(0);\" video_width=\"640px\" video_height=\"480px\" video_id=\"bFD-_X3MkKA\" video_type=\"youtube\" video_rel=\"0\" video_showinfo=\"1\" video_autoplay=\"1\">\n\t\t\t\t\t\t\t<img decoding=\"async\" alt=\"Car Accident Lawyer in Maryland | Matt Trollinger: Champion for Personal Injury Victims\" class=\"aligncenter\" src=\"https:\/\/www.trollingerlaw.com\/wp-content\/uploads\/2023\/03\/testimonial-video-thumbnail.jpg\">\t\t\t\t\t\t<\/a>\n\t\t\t\t\t\t\n\t\t\t\t\n<p><a href=\"https:\/\/goo.gl\/maps\/ThnYjydzTf5Gkea1A\" target=\"_blank\" rel=\"noopener\">Visite nuestras oficinas de abogados de lesiones personales cerca de Maryland<\/a><\/p>\n<p><iframe loading=\"lazy\" style=\"border: 0;\" src=\"https:\/\/www.google.com\/maps\/embed?pb=!1m18!1m12!1m3!1d3116.935051405385!2d-76.91547608465764!3d38.627375179613225!2m3!1f0!2f0!3f0!3m2!1i1024!2i768!4f13.1!3m3!1m2!1s0x0%3A0xc5e30689196d0097!2sTrollinger%20Law%20LLC%20-%20Personal%20Injury%20Attorney!5e0!3m2!1sen!2sus!4v1638892993648!5m2!1sen!2sus\" width=\"100%\" height=\"450\" allowfullscreen=\"allowfullscreen\"><\/iframe><\/p>\n","protected":false},"excerpt":{"rendered":"<p>\u00bfHa resultado lesionado debido a las acciones imprudentes o negligentes de otra persona? La ley de Maryland permite que las v\u00edctimas de accidentes causados por negligencia reclamen una indemnizaci\u00f3n mediante una demanda por lesiones personales. Sin embargo, el camino hacia la justicia rara vez es sencillo. Nuestro equipo legal de Trollinger Law LLC \u2014 con&#8230;<\/p>\n","protected":false},"author":8,"featured_media":42210,"parent":0,"menu_order":28,"comment_status":"closed","ping_status":"closed","template":"practice-area.php","meta":{"_acf_changed":false,"footnotes":""},"class_list":["post-57741","page","type-page","status-publish","has-post-thumbnail","hentry"],"acf":[],"yoast_head":"<!-- This site is optimized with the Yoast SEO plugin v27.5 - https:\/\/yoast.com\/product\/yoast-seo-wordpress\/ -->\n<title>Maryland Personal Injury Attorney | Trollinger Law LLC<\/title>\n<meta name=\"description\" content=\"Need an Injury Lawyer After Injured In An Accident In Maryland? Contact a Personal Injury Attorney at Trollinger Law LLC for a free no-risk consultation.\" \/>\n<meta name=\"robots\" content=\"index, follow, max-snippet:-1, max-image-preview:large, max-video-preview:-1\" \/>\n<link rel=\"canonical\" href=\"https:\/\/www.trollingerlaw.com\/es\/personal-injury-lawyer\/\" \/>\n<meta property=\"og:locale\" content=\"es_ES\" \/>\n<meta property=\"og:type\" content=\"article\" \/>\n<meta property=\"og:title\" content=\"Maryland Personal Injury Attorney | Trollinger Law LLC\" \/>\n<meta property=\"og:description\" content=\"Need an Injury Lawyer After Injured In An Accident In Maryland? Contact a Personal Injury Attorney at Trollinger Law LLC for a free no-risk consultation.\" \/>\n<meta property=\"og:url\" content=\"https:\/\/www.trollingerlaw.com\/es\/personal-injury-lawyer\/\" \/>\n<meta property=\"og:site_name\" content=\"Trollinger Law LLC\" \/>\n<meta property=\"article:publisher\" content=\"https:\/\/www.facebook.com\/trollingerlaw\/\" \/>\n<meta property=\"article:modified_time\" content=\"2025-06-03T21:11:08+00:00\" \/>\n<meta property=\"og:image\" content=\"https:\/\/www.trollingerlaw.com\/wp-content\/uploads\/2023\/10\/personal-injury-lawyer.png\" \/>\n\t<meta property=\"og:image:width\" content=\"825\" \/>\n\t<meta property=\"og:image:height\" content=\"299\" \/>\n\t<meta property=\"og:image:type\" content=\"image\/png\" \/>\n<meta name=\"twitter:card\" content=\"summary_large_image\" \/>\n<meta name=\"twitter:site\" content=\"@TrollingerLaw\" \/>\n<meta name=\"twitter:label1\" content=\"Tiempo de lectura\" \/>\n\t<meta name=\"twitter:data1\" content=\"2 minutos\" \/>\n<!-- \/ Yoast SEO plugin. -->","yoast_head_json":{"title":"Maryland Personal Injury Attorney | Trollinger Law LLC","description":"Need an Injury Lawyer After Injured In An Accident In Maryland? Contact a Personal Injury Attorney at Trollinger Law LLC for a free no-risk consultation.","robots":{"index":"index","follow":"follow","max-snippet":"max-snippet:-1","max-image-preview":"max-image-preview:large","max-video-preview":"max-video-preview:-1"},"canonical":"https:\/\/www.trollingerlaw.com\/es\/personal-injury-lawyer\/","og_locale":"es_ES","og_type":"article","og_title":"Maryland Personal Injury Attorney | Trollinger Law LLC","og_description":"Need an Injury Lawyer After Injured In An Accident In Maryland? Contact a Personal Injury Attorney at Trollinger Law LLC for a free no-risk consultation.","og_url":"https:\/\/www.trollingerlaw.com\/es\/personal-injury-lawyer\/","og_site_name":"Trollinger Law LLC","article_publisher":"https:\/\/www.facebook.com\/trollingerlaw\/","article_modified_time":"2025-06-03T21:11:08+00:00","og_image":[{"width":825,"height":299,"url":"https:\/\/www.trollingerlaw.com\/wp-content\/uploads\/2023\/10\/personal-injury-lawyer.png","type":"image\/png"}],"twitter_card":"summary_large_image","twitter_site":"@TrollingerLaw","twitter_misc":{"Tiempo de lectura":"2 minutos"},"schema":{"@context":"https:\/\/schema.org","@graph":[{"@type":"WebPage","@id":"https:\/\/www.trollingerlaw.com\/es\/personal-injury-lawyer\/","url":"https:\/\/www.trollingerlaw.com\/es\/personal-injury-lawyer\/","name":"Maryland Personal Injury Attorney | Trollinger Law LLC","isPartOf":{"@id":"https:\/\/www.trollingerlaw.com\/#website"},"primaryImageOfPage":{"@id":"https:\/\/www.trollingerlaw.com\/es\/personal-injury-lawyer\/#primaryimage"},"image":{"@id":"https:\/\/www.trollingerlaw.com\/es\/personal-injury-lawyer\/#primaryimage"},"thumbnailUrl":"https:\/\/www.trollingerlaw.com\/wp-content\/uploads\/2023\/10\/personal-injury-lawyer.png","datePublished":"2023-03-08T13:03:50+00:00","dateModified":"2025-06-03T21:11:08+00:00","description":"Need an Injury Lawyer After Injured In An Accident In Maryland? Contact a Personal Injury Attorney at Trollinger Law LLC for a free no-risk consultation.","breadcrumb":{"@id":"https:\/\/www.trollingerlaw.com\/es\/personal-injury-lawyer\/#breadcrumb"},"inLanguage":"es","potentialAction":[{"@type":"ReadAction","target":["https:\/\/www.trollingerlaw.com\/es\/personal-injury-lawyer\/"]}]},{"@type":"ImageObject","inLanguage":"es","@id":"https:\/\/www.trollingerlaw.com\/es\/personal-injury-lawyer\/#primaryimage","url":"https:\/\/www.trollingerlaw.com\/wp-content\/uploads\/2023\/10\/personal-injury-lawyer.png","contentUrl":"https:\/\/www.trollingerlaw.com\/wp-content\/uploads\/2023\/10\/personal-injury-lawyer.png","width":825,"height":299,"caption":"personal injury attorney in Maryland\u00a0"},{"@type":"BreadcrumbList","@id":"https:\/\/www.trollingerlaw.com\/es\/personal-injury-lawyer\/#breadcrumb","itemListElement":[{"@type":"ListItem","position":1,"name":"Home","item":"https:\/\/www.trollingerlaw.com\/es\/"},{"@type":"ListItem","position":2,"name":"Personal Injury"}]},{"@type":"WebSite","@id":"https:\/\/www.trollingerlaw.com\/#website","url":"https:\/\/www.trollingerlaw.com\/","name":"Trollinger Law LLC","description":"","publisher":{"@id":"https:\/\/www.trollingerlaw.com\/#organization"},"potentialAction":[{"@type":"SearchAction","target":{"@type":"EntryPoint","urlTemplate":"https:\/\/www.trollingerlaw.com\/?s={search_term_string}"},"query-input":{"@type":"PropertyValueSpecification","valueRequired":true,"valueName":"search_term_string"}}],"inLanguage":"es"},{"@type":"Organization","@id":"https:\/\/www.trollingerlaw.com\/#organization","name":"Trollinger Law LLC","url":"https:\/\/www.trollingerlaw.com\/","logo":{"@type":"ImageObject","inLanguage":"es","@id":"https:\/\/www.trollingerlaw.com\/#\/schema\/logo\/image\/","url":"https:\/\/www.trollingerlaw.com\/wp-content\/uploads\/2023\/03\/Logo-Header-1.svg","contentUrl":"https:\/\/www.trollingerlaw.com\/wp-content\/uploads\/2023\/03\/Logo-Header-1.svg","width":1,"height":1,"caption":"Trollinger Law LLC"},"image":{"@id":"https:\/\/www.trollingerlaw.com\/#\/schema\/logo\/image\/"},"sameAs":["https:\/\/www.facebook.com\/trollingerlaw\/","https:\/\/x.com\/TrollingerLaw","https:\/\/www.linkedin.com\/in\/matthewdtrollinger\/","https:\/\/www.youtube.com\/channel\/UCGI2rLDsnBp4A5NcyuDbO7Q"]}]}},"_links":{"self":[{"href":"https:\/\/www.trollingerlaw.com\/es\/wp-json\/wp\/v2\/pages\/57741","targetHints":{"allow":["GET"]}}],"collection":[{"href":"https:\/\/www.trollingerlaw.com\/es\/wp-json\/wp\/v2\/pages"}],"about":[{"href":"https:\/\/www.trollingerlaw.com\/es\/wp-json\/wp\/v2\/types\/page"}],"author":[{"embeddable":true,"href":"https:\/\/www.trollingerlaw.com\/es\/wp-json\/wp\/v2\/users\/8"}],"replies":[{"embeddable":true,"href":"https:\/\/www.trollingerlaw.com\/es\/wp-json\/wp\/v2\/comments?post=57741"}],"version-history":[{"count":0,"href":"https:\/\/www.trollingerlaw.com\/es\/wp-json\/wp\/v2\/pages\/57741\/revisions"}],"wp:featuredmedia":[{"embeddable":true,"href":"https:\/\/www.trollingerlaw.com\/es\/wp-json\/wp\/v2\/media\/42210"}],"wp:attachment":[{"href":"https:\/\/www.trollingerlaw.com\/es\/wp-json\/wp\/v2\/media?parent=57741"}],"curies":[{"name":"wp","href":"https:\/\/api.w.org\/{rel}","templated":true}]}}